{"id":317,"date":"2023-02-20T17:21:01","date_gmt":"2023-02-20T17:21:01","guid":{"rendered":"https:\/\/imitatio.app\/?page_id=317"},"modified":"2023-05-31T16:06:24","modified_gmt":"2023-05-31T16:06:24","slug":"terms-and-conditions","status":"publish","type":"page","link":"https:\/\/followchristdaily.app\/es\/terms-and-conditions\/","title":{"rendered":"T\u00e9rminos y condiciones"},"content":{"rendered":"<div data-elementor-type=\"wp-page\" data-elementor-id=\"317\" class=\"elementor elementor-317\">\n\t\t\t\t\t\t<section class=\"elementor-section elementor-top-section elementor-element elementor-element-e76dbe0 elementor-section-boxed elementor-section-height-default elementor-section-height-default\" data-id=\"e76dbe0\" data-element_type=\"section\">\n\t\t\t\t\t\t<div class=\"elementor-container elementor-column-gap-default\">\n\t\t\t\t\t<div class=\"elementor-column elementor-col-100 elementor-top-column elementor-element elementor-element-73cbb2d\" data-id=\"73cbb2d\" data-element_type=\"column\">\n\t\t\t<div class=\"elementor-widget-wrap elementor-element-populated\">\n\t\t\t\t\t\t<div class=\"elementor-element elementor-element-18dbd6b9 elementor-widget elementor-widget-text-editor\" data-id=\"18dbd6b9\" data-element_type=\"widget\" data-widget_type=\"text-editor.default\">\n\t\t\t\t<div class=\"elementor-widget-container\">\n\t\t\t\t\t\t\t\t\t<h2>T\u00e9rminos y condiciones<\/h2><h3>1. Introducci\u00f3n<\/h3><p>Bienvenido a Follow Christ Daily (\u201cAplicaci\u00f3n\u201d, \u201cServicio\u201d), una aplicaci\u00f3n m\u00f3vil dise\u00f1ada para ayudar a los usuarios a incorporar principios cristianos en su vida diaria y seguir a Jes\u00fas m\u00e1s de cerca. Follow Christ Daily es propiedad y est\u00e1 operada por Eudemonia Interactive, LLC, una compa\u00f1\u00eda constituida bajo las leyes de los Estados Unidos, con su oficina principal ubicada en 455 E Eisenhower Pkwy, STE 300, Ann Arbor, MI 48108, Estados Unidos (\u201cEudemonia\u201d , \u201cEmpresa\u201d, \u201cNosotros\u201d, \u201cNos\u201d o \u201cNuestro\u201d).<\/p><p>Al acceder o utilizar Follow Christ Daily, usted, el usuario (\u201cUsted\u201d, \u201cSu\u201d), acepta estar sujeto a estos t\u00e9rminos y condiciones (\u201cT\u00e9rminos\u201d). Si no est\u00e1 de acuerdo con estos T\u00e9rminos, no debe utilizar Follow Christ Daily. Su uso de Follow Christ Daily tambi\u00e9n est\u00e1 sujeto a nuestra Pol\u00edtica de Privacidad, que describe nuestras pol\u00edticas y procedimientos sobre la recopilaci\u00f3n, el uso y la divulgaci\u00f3n de su informaci\u00f3n personal. Lea atentamente nuestra Pol\u00edtica de privacidad antes de utilizar Follow Christ Daily. Al utilizar Follow Christ Daily, usted declara que tiene m\u00e1s de 13 a\u00f1os y que la Compa\u00f1\u00eda no permite que menores de 13 a\u00f1os utilicen la aplicaci\u00f3n.<\/p><p>En estos T\u00e9rminos, encontrar\u00e1 informaci\u00f3n sobre la licencia para usar Follow Christ Daily, suscripciones, cuentas de usuario, contenido de usuario, propiedad intelectual, comentarios a la Compa\u00f1\u00eda, sitios y enlaces de terceros, terminaci\u00f3n, limitaci\u00f3n de responsabilidad, exenci\u00f3n de responsabilidad de garant\u00edas. ley aplicable, resoluci\u00f3n de disputas, cumplimiento legal de los Estados Unidos, divisibilidad y renuncia, cambios a los t\u00e9rminos, indemnizaci\u00f3n e informaci\u00f3n de contacto. Al utilizar Follow Christ Daily, usted acepta cumplir con estos T\u00e9rminos y cualquier cambio que se les pueda realizar.<\/p><h3>2. Licencia de uso<\/h3><p>Eudemonia le otorga una licencia limitada, no exclusiva, no sublicenciable, revocable e intransferible para descargar, instalar y utilizar Follow Christ Daily para su uso personal y no comercial, sujeto a estos T\u00e9rminos.<\/p><p>No puede copiar, modificar, distribuir, vender ni arrendar ninguna parte de Follow Christ Daily ni intentar extraer su c\u00f3digo fuente a menos que las leyes proh\u00edban estas restricciones o tenga nuestro permiso por escrito.<\/p><h3>3. Suscripci\u00f3n<\/h3><p>Se requiere una suscripci\u00f3n para utilizar Follow Christ Daily. Se le facturar\u00e1 por adelantado de forma recurrente y peri\u00f3dica (como mensual o anual), seg\u00fan el tipo de plan de Suscripci\u00f3n que seleccione al comprar la Suscripci\u00f3n. Su Suscripci\u00f3n se renovar\u00e1 autom\u00e1ticamente al final de cada per\u00edodo a menos que usted la cancele o Eudemonia la cancele.<\/p><p>Las suscripciones se gestionan a trav\u00e9s de la App Store asociada a su dispositivo. Para cancelar su suscripci\u00f3n, siga los pasos proporcionados en la App Store asociada con su dispositivo. Si se cancela, su Suscripci\u00f3n continuar\u00e1 hasta el final de su ciclo de facturaci\u00f3n actual, pero no se renovar\u00e1 autom\u00e1ticamente. Las tarifas de suscripci\u00f3n paga no son reembolsables. Podr\u00e1 acceder a la Aplicaci\u00f3n hasta el final de su per\u00edodo de Suscripci\u00f3n actual.<\/p><p>Eudemonia, a su entera discreci\u00f3n y en cualquier momento, podr\u00e1 modificar las tarifas de Suscripci\u00f3n. Cualquier cambio en la tarifa de suscripci\u00f3n entrar\u00e1 en vigencia al final del per\u00edodo de suscripci\u00f3n vigente en ese momento. Eudemonia le proporcionar\u00e1 un aviso previo razonable sobre cualquier cambio en las tarifas de Suscripci\u00f3n para darle la oportunidad de cancelar su Suscripci\u00f3n antes de que dicho cambio entre en vigor. Su uso continuo de Follow Christ Daily despu\u00e9s de que el cambio en la tarifa de suscripci\u00f3n entre en vigencia constituye su acuerdo de pagar el monto de la tarifa de suscripci\u00f3n modificada.<\/p><p>Eudemonia podr\u00e1, a su entera discreci\u00f3n, ofrecer una Suscripci\u00f3n con una Prueba Gratuita por un per\u00edodo de tiempo limitado. Es posible que deba ingresar su informaci\u00f3n de facturaci\u00f3n para poder registrarse en la prueba gratuita.<br \/>Si ingresa su informaci\u00f3n de facturaci\u00f3n cuando se registra para una prueba gratuita, no se le cobrar\u00e1 hasta que la prueba gratuita haya expirado. El \u00faltimo d\u00eda del per\u00edodo de prueba gratuita, a menos que cancele su Suscripci\u00f3n, se le cobrar\u00e1n autom\u00e1ticamente las tarifas de Suscripci\u00f3n aplicables para el tipo de Suscripci\u00f3n que haya seleccionado.<\/p><p>Eudemonia se reserva el derecho de modificar o cancelar la oferta de prueba gratuita en cualquier momento y sin previo aviso. Usted acepta que sus compras y suscripciones no dependen de la entrega de ninguna funcionalidad o caracter\u00edstica futura.<\/p><h3>4. Cuenta de usuario<\/h3><p>Cuando crea una cuenta en Follow Christ Daily, debe proporcionar informaci\u00f3n precisa, completa y actualizada. No hacerlo constituye un incumplimiento de los T\u00e9rminos, lo que puede resultar en la cancelaci\u00f3n inmediata de su cuenta en la Aplicaci\u00f3n.<\/p><p>Usted es responsable de salvaguardar su contrase\u00f1a y de cualquier actividad o acci\u00f3n realizada bajo su contrase\u00f1a. No puede utilizar un nombre de usuario que sea ofensivo, vulgar u obsceno o que infrinja cualquier derecho de otra persona o entidad. Usted acepta notificar inmediatamente a Eudemonia si hay una violaci\u00f3n de seguridad o un uso no autorizado de su cuenta.<\/p><h3>5. Contenido del usuario<\/h3><p>Follow Christ Daily le permite ingresar Contenido de usuario, como texto y fotograf\u00edas (\u201cContenido de usuario\u201d), que permanecer\u00e1 privado de forma predeterminada. Usted es responsable de la legalidad, confiabilidad e idoneidad de su Contenido de usuario. Al ingresar Contenido de usuario, otorga a Eudemonia el derecho a usarlo, almacenarlo y procesarlo para proporcionar los servicios de la Aplicaci\u00f3n. Usted declara y garantiza que el Contenido de usuario es suyo o que tiene derecho a utilizarlo y otorgar a Eudemonia los derechos y la licencia. Usted es el \u00fanico responsable del Contenido del usuario y de toda la actividad de su cuenta.<\/p><p>No ingrese Contenido de usuario que sea ilegal, ofensivo, difamatorio, spam, da\u00f1ino, infractor, suplantador, que viole la privacidad o falso. Eudemonia se reserva el derecho de rechazar o eliminar Contenido de usuario inapropiado y limitar o revocar su uso de la Aplicaci\u00f3n.<br \/>Al utilizar la Aplicaci\u00f3n, usted puede estar expuesto a Contenido de usuario que puede ser ofensivo, incorrecto u objetable. Usted utiliza la Aplicaci\u00f3n bajo su propio riesgo y Eudemonia no es responsable del Contenido del Usuario ni de los da\u00f1os ocasionados por el uso de la Aplicaci\u00f3n.<\/p><p>Aunque se realizan copias de seguridad peri\u00f3dicas del Contenido del usuario, Eudemonia no garantiza que no habr\u00e1 p\u00e9rdida o corrupci\u00f3n de datos. Eudemonia no tiene ninguna responsabilidad relacionada con la integridad del Contenido del usuario o la imposibilidad de restaurar con \u00e9xito el Contenido del usuario a un estado utilizable.<\/p><p>Eudemonia se reserva el derecho, pero no la obligaci\u00f3n, de, a su exclusivo criterio, determinar si alg\u00fan Contenido de usuario es apropiado o no y cumple con estos T\u00e9rminos, rechazar o eliminar este Contenido de usuario. Eudemonia adem\u00e1s se reserva el derecho de formatear, editar y cambiar la forma de cualquier Contenido de usuario. Eudemonia tambi\u00e9n puede limitar o revocar el uso de la Aplicaci\u00f3n si publica dicho Contenido de usuario objetable.<\/p><h3>6. Propiedad intelectual<\/h3><p>Siga a Christ Daily y su contenido original (excluyendo el Contenido proporcionado por usted u otros usuarios), sus caracter\u00edsticas y funcionalidades son y seguir\u00e1n siendo propiedad exclusiva de Eudemonia y sus licenciantes.<\/p><p>Follow Christ Daily y sus logotipos son marcas comerciales y marcas comerciales registradas de Eudemonia Interactive, LLC. en los Estados Unidos y\/u otros pa\u00edses. Reservados todos los derechos.<br \/>Copyright \u00a9 2023 Eudemonia Interactive, LLC. Reservados todos los derechos. El contenido de Follow Christ Daily, que incluye, entre otros, texto, gr\u00e1ficos, fotograf\u00edas, im\u00e1genes y otro material contenido en Follow Christ Daily (denominados colectivamente \"Contenido\") est\u00e1 protegido por derechos de autor y otras leyes tanto en los Estados Unidos como en Estados Unidos. otros pa\u00edses. El Contenido es propiedad de Eudemonia Interactive, LLC. o sus licenciantes, y est\u00e1 protegido por derechos de autor, marcas registradas y otras leyes de propiedad intelectual.<\/p><p>No puede modificar, copiar, distribuir, mostrar, realizar, reproducir, publicar, otorgar licencias, crear trabajos derivados, transferir o vender ning\u00fan Contenido o informaci\u00f3n obtenida de Follow Christ Daily sin el permiso previo por escrito de Eudemonia Interactive, LLC.<\/p><p>Puede utilizar el Contenido \u00fanicamente para su uso personal y no comercial y no puede eliminar ninguna marca comercial, derechos de autor u otros avisos de propiedad del Contenido.<br \/>Eudemonia interactiva, LLC. se reserva el derecho de hacer cumplir sus derechos de propiedad intelectual con el m\u00e1ximo alcance de la ley, incluida la b\u00fasqueda de un proceso penal.<\/p><h3>7. Sus comentarios para nosotros<\/h3><p>Usted asigna todos los derechos, t\u00edtulos e intereses sobre cualquier comentario que proporcione a Eudemonia. Si por alguna raz\u00f3n dicha cesi\u00f3n es ineficaz, usted acepta otorgar a Eudemonia un derecho y una licencia mundial, no exclusivos, perpetuos, irrevocables y libres de regal\u00edas para usar, reproducir, divulgar, sublicenciar, distribuir, modificar y explotar dichos comentarios sin restricciones. .<\/p><h3>8. Sitios y enlaces de terceros<\/h3><p>Follow Christ Daily puede contener enlaces a sitios web de terceros, sobre los cuales Follow Christ Daily no tiene control. Follow Christ Daily no es responsable del contenido, las pol\u00edticas de privacidad o las pr\u00e1cticas de estos sitios web de terceros. Le recomendamos leer sus t\u00e9rminos y condiciones y pol\u00edticas de privacidad.<\/p><h3>9. Terminaci\u00f3n<\/h3><p>Podemos cancelar su cuenta inmediatamente por cualquier motivo, incluido el incumplimiento de los t\u00e9rminos y condiciones. Tras la rescisi\u00f3n, cesar\u00e1 su derecho a utilizar el servicio.<\/p><h3>10. Limitaci\u00f3n de responsabilidad<\/h3><p>Follow Christ Daily y sus creadores no ser\u00e1n responsables de ning\u00fan da\u00f1o, incluidos, entre otros, da\u00f1os directos, indirectos, incidentales, especiales o consecuentes, p\u00e9rdida de ganancias o cualquier otra p\u00e9rdida o da\u00f1o de cualquier tipo, incluidos, entre otros, p\u00e9rdida o da\u00f1o que surja de la p\u00e9rdida de datos o interrupci\u00f3n del negocio, que surja de o en conexi\u00f3n con el uso de Follow Christ Daily, ya sea en una acci\u00f3n contractual, agraviada o de otro tipo, incluso si la Compa\u00f1\u00eda ha sido informada de la posibilidad de tal da\u00f1os y perjuicios. El usuario reconoce y acepta que las limitaciones de responsabilidad establecidas en estos T\u00e9rminos son justas y razonables.<\/p><h3>11. Renuncia de garant\u00edas<\/h3><p>La Aplicaci\u00f3n se le proporciona \"TAL CUAL\" y \"SEG\u00daN DISPONIBILIDAD\" y con todas las fallas y defectos sin garant\u00eda de ning\u00fan tipo. En la medida m\u00e1xima permitida por la ley aplicable, la Compa\u00f1\u00eda, en su propio nombre y en nombre de sus Afiliados y sus respectivos licenciantes y proveedores de servicios, renuncia expresamente a todas las garant\u00edas, ya sean expresas, impl\u00edcitas, legales o de otro tipo, con respecto a la Aplicaci\u00f3n, incluidas todas las garant\u00edas impl\u00edcitas de comerciabilidad, idoneidad para un prop\u00f3sito particular, t\u00edtulo y no infracci\u00f3n, y garant\u00edas que puedan surgir del curso de la negociaci\u00f3n, el curso del desempe\u00f1o, el uso o la pr\u00e1ctica comercial. Sin limitaci\u00f3n a lo anterior, la Compa\u00f1\u00eda no ofrece ninguna garant\u00eda ni compromiso, y no hace ninguna declaraci\u00f3n de ning\u00fan tipo de que la Aplicaci\u00f3n cumplir\u00e1 con Sus requisitos, lograr\u00e1 los resultados previstos, ser\u00e1 compatible o funcionar\u00e1 con cualquier otro software, aplicaci\u00f3n, sistema o servicio, operar\u00e1 sin interrupci\u00f3n, cumplir con cualquier est\u00e1ndar de rendimiento o confiabilidad o estar libre de errores o que cualquier error o defecto pueda o ser\u00e1 corregido.<\/p><h3>12. Ley aplicable<\/h3><p>Este acuerdo y cualquier disputa que surja o est\u00e9 relacionada con el uso de la aplicaci\u00f3n Follow Christ Daily se regir\u00e1n e interpretar\u00e1n de acuerdo con las leyes del estado de Michigan, Estados Unidos, sin dar efecto a ning\u00fan principio de conflicto de leyes. Las partes acuerdan someterse a la jurisdicci\u00f3n exclusiva de los tribunales ubicados en Ann Arbor, Michigan, Estados Unidos para la resoluci\u00f3n de cualquier disputa que surja de este acuerdo o est\u00e9 relacionada con \u00e9l.<\/p><h3>13. Resoluci\u00f3n de disputas<\/h3><p>En caso de cualquier disputa que surja o est\u00e9 relacionada con estos T\u00e9rminos o el uso de la aplicaci\u00f3n Follow Christ Daily, las partes acuerdan intentar primero resolver la disputa mediante negociaci\u00f3n. Si la negociaci\u00f3n no da como resultado una resoluci\u00f3n, las partes pueden buscar una resoluci\u00f3n mediante mediaci\u00f3n o arbitraje. La mediaci\u00f3n o arbitraje se llevar\u00e1 a cabo de acuerdo con las reglas de la Asociaci\u00f3n Americana de Arbitraje. La decisi\u00f3n del mediador o \u00e1rbitro ser\u00e1 definitiva y vinculante para las partes.<\/p><h3>14. Cumplimiento legal de los Estados Unidos<\/h3><p>Usted declara y garantiza que (i) no se encuentra en un pa\u00eds que est\u00e9 sujeto al embargo del gobierno de los Estados Unidos, o que haya sido designado por el gobierno de los Estados Unidos como un pa\u00eds que \"apoya al terrorismo\", y (ii) no est\u00e1 incluido en cualquier lista del gobierno de los Estados Unidos de partes prohibidas o restringidas.<\/p><h3>15. Divisibilidad y renuncia<\/h3><p>Si alguna disposici\u00f3n de estos T\u00e9rminos se considera inaplicable o inv\u00e1lida, dicha disposici\u00f3n se modificar\u00e1 e interpretar\u00e1 para lograr los objetivos de dicha disposici\u00f3n en la mayor medida posible seg\u00fan la ley aplicable y las disposiciones restantes continuar\u00e1n en pleno vigor y efecto.<br \/>Salvo lo dispuesto en el presente, el hecho de no ejercer un derecho o exigir el cumplimiento de una obligaci\u00f3n en virtud de estos T\u00e9rminos no afectar\u00e1 la capacidad de una parte para ejercer dicho derecho o exigir dicho cumplimiento en cualquier momento posterior ni la renuncia a un incumplimiento constituir\u00e1 una renuncia. de cualquier incumplimiento posterior.<\/p><h3>16. Cambios a los T\u00e9rminos<\/h3><p>Nos reservamos el derecho de modificar estos t\u00e9rminos en cualquier momento. Al continuar utilizando el servicio, usted acepta estar sujeto a los t\u00e9rminos revisados. Si tiene alguna pregunta, puede comunicarse con Follow Christ Daily por correo electr\u00f3nico o correo postal.<\/p><h3>17. Indemnizaci\u00f3n<\/h3><p>El usuario acepta indemnizar y eximir a Follow Christ Daily, sus creadores, afiliados, licenciantes y proveedores de servicios de cualquier reclamo, da\u00f1o, p\u00e9rdida, responsabilidad, gasto y costo (incluidos, entre otros, honorarios de abogados) que surjan o est\u00e9n relacionados con el uso de la aplicaci\u00f3n por parte del usuario, o cualquier violaci\u00f3n de estos T\u00e9rminos y condiciones por parte del usuario. El usuario acepta cooperar plenamente en la defensa de Follow Christ Daily de dichos reclamos. Follow Christ Daily se reserva el derecho, a su propio costo, de asumir la defensa y el control exclusivos de cualquier asunto sujeto a indemnizaci\u00f3n por parte del usuario.<\/p><h3>18. Informaci\u00f3n de contacto<\/h3><p>Si tiene alguna pregunta sobre estos T\u00e9rminos y condiciones, puede contactarnos:<\/p><p>Por correo electr\u00f3nico<br \/>contact@eudemonia-interactive.com<\/p><p>Por correo<br \/>Eudemonia Interactive, LLC<br \/>455 E Eisenhower Pkwy, STE 300<br \/>Ann Arbor, MI 48108<br \/>United States<\/p>\t\t\t\t\t\t\t\t<\/div>\n\t\t\t\t<\/div>\n\t\t\t\t\t<\/div>\n\t\t<\/div>\n\t\t\t\t\t<\/div>\n\t\t<\/section>\n\t\t\t\t<\/div>","protected":false},"excerpt":{"rendered":"<p>Terms and Conditions 1. Introduction Welcome to Follow Christ Daily (\u201cApp\u201d, &#8220;Service&#8221;), a mobile application designed to help users incorporate Christian principles into their daily lives and follow Jesus more closely. Follow Christ Daily is owned and operated by Eudemonia Interactive, LLC, a company incorporated under the laws of the United States, with its principal [&hellip;]<\/p>","protected":false},"author":1,"featured_media":0,"parent":0,"menu_order":0,"comment_status":"closed","ping_status":"closed","template":"","meta":{"footnotes":""},"class_list":["post-317","page","type-page","status-publish","hentry"],"aioseo_notices":[],"_links":{"self":[{"href":"https:\/\/followchristdaily.app\/es\/wp-json\/wp\/v2\/pages\/317","targetHints":{"allow":["GET"]}}],"collection":[{"href":"https:\/\/followchristdaily.app\/es\/wp-json\/wp\/v2\/pages"}],"about":[{"href":"https:\/\/followchristdaily.app\/es\/wp-json\/wp\/v2\/types\/page"}],"author":[{"embeddable":true,"href":"https:\/\/followchristdaily.app\/es\/wp-json\/wp\/v2\/users\/1"}],"replies":[{"embeddable":true,"href":"https:\/\/followchristdaily.app\/es\/wp-json\/wp\/v2\/comments?post=317"}],"version-history":[{"count":0,"href":"https:\/\/followchristdaily.app\/es\/wp-json\/wp\/v2\/pages\/317\/revisions"}],"wp:attachment":[{"href":"https:\/\/followchristdaily.app\/es\/wp-json\/wp\/v2\/media?parent=317"}],"curies":[{"name":"wp","href":"https:\/\/api.w.org\/{rel}","templated":true}]}}