{"id":284,"date":"2023-02-16T09:27:43","date_gmt":"2023-02-16T09:27:43","guid":{"rendered":"https:\/\/imitatio.app\/?page_id=284"},"modified":"2023-05-31T16:05:54","modified_gmt":"2023-05-31T16:05:54","slug":"statement-of-faith","status":"publish","type":"page","link":"https:\/\/followchristdaily.app\/es\/statement-of-faith\/","title":{"rendered":"Declaraci\u00f3n de fe"},"content":{"rendered":"<div data-elementor-type=\"wp-page\" data-elementor-id=\"284\" class=\"elementor elementor-284\">\n\t\t\t\t\t\t<section class=\"elementor-section elementor-top-section elementor-element elementor-element-1c9af03 elementor-section-boxed elementor-section-height-default elementor-section-height-default\" data-id=\"1c9af03\" data-element_type=\"section\">\n\t\t\t\t\t\t<div class=\"elementor-container elementor-column-gap-default\">\n\t\t\t\t\t<div class=\"elementor-column elementor-col-50 elementor-top-column elementor-element elementor-element-cfcc04a\" data-id=\"cfcc04a\" data-element_type=\"column\">\n\t\t\t<div class=\"elementor-widget-wrap elementor-element-populated\">\n\t\t\t\t\t\t<div class=\"elementor-element elementor-element-7fdfe95 Heading1 elementor-widget elementor-widget-heading\" data-id=\"7fdfe95\" data-element_type=\"widget\" data-widget_type=\"heading.default\">\n\t\t\t\t<div class=\"elementor-widget-container\">\n\t\t\t\t\t<h1 class=\"elementor-heading-title elementor-size-default\">Lo que creemos <br>\nDeclaraci\u00f3n de fe<\/h1>\t\t\t\t<\/div>\n\t\t\t\t<\/div>\n\t\t\t\t<div class=\"elementor-element elementor-element-f2e8a88 Header-paragraph elementor-widget elementor-widget-text-editor\" data-id=\"f2e8a88\" data-element_type=\"widget\" data-widget_type=\"text-editor.default\">\n\t\t\t\t<div class=\"elementor-widget-container\">\n\t\t\t\t\t\t\t\t\t<p>Nuestras creencias fundamentales son esenciales para nuestra misi\u00f3n de ayudar a los creyentes a mantenerse conectados con Cristo en su vida diaria.<\/p>\t\t\t\t\t\t\t\t<\/div>\n\t\t\t\t<\/div>\n\t\t\t\t<div class=\"elementor-element elementor-element-c1a2450 elementor-hidden-desktop elementor-hidden-tablet elementor-widget elementor-widget-image\" data-id=\"c1a2450\" data-element_type=\"widget\" data-widget_type=\"image.default\">\n\t\t\t\t<div class=\"elementor-widget-container\">\n\t\t\t\t\t\t\t\t\t\t\t\t\t\t\t<img fetchpriority=\"high\" decoding=\"async\" width=\"580\" height=\"340\" src=\"https:\/\/followchristdaily.app\/wp-content\/uploads\/sof-splash.png\" class=\"attachment-large size-large wp-image-453\" alt=\"Image of a person at prayer, hands resting on the Bible, embodying the devotion to Scripture and belief in the power of Jesus Christ that is central to Imitatio&#039;s Statement of Faith.\" srcset=\"https:\/\/followchristdaily.app\/wp-content\/uploads\/sof-splash.png 580w, https:\/\/followchristdaily.app\/wp-content\/uploads\/sof-splash-300x176.png 300w\" sizes=\"(max-width: 580px) 100vw, 580px\" \/>\t\t\t\t\t\t\t\t\t\t\t\t\t\t\t<\/div>\n\t\t\t\t<\/div>\n\t\t\t\t<div class=\"elementor-element elementor-element-571996d font-Weight-Bold elementor-widget elementor-widget-heading\" data-id=\"571996d\" data-element_type=\"widget\" id=\"download-text-banner\" data-widget_type=\"heading.default\">\n\t\t\t\t<div class=\"elementor-widget-container\">\n\t\t\t\t\t<h4 class=\"elementor-heading-title elementor-size-default\">Descargar Sigue a Cristo Diariamente<\/h4>\t\t\t\t<\/div>\n\t\t\t\t<\/div>\n\t\t\t\t<section class=\"elementor-section elementor-inner-section elementor-element elementor-element-bf89c42 elementor-section-boxed elementor-section-height-default elementor-section-height-default\" data-id=\"bf89c42\" data-element_type=\"section\">\n\t\t\t\t\t\t<div class=\"elementor-container elementor-column-gap-wide\">\n\t\t\t\t\t<div class=\"elementor-column elementor-col-50 elementor-inner-column elementor-element elementor-element-bb4ebab\" data-id=\"bb4ebab\" data-element_type=\"column\">\n\t\t\t<div class=\"elementor-widget-wrap elementor-element-populated\">\n\t\t\t\t\t\t<div class=\"elementor-element elementor-element-5f45e8b elementor-widget elementor-widget-image\" data-id=\"5f45e8b\" data-element_type=\"widget\" data-widget_type=\"image.default\">\n\t\t\t\t<div class=\"elementor-widget-container\">\n\t\t\t\t\t\t\t\t\t\t\t\t\t\t\t\t<a href=\"https:\/\/apps.apple.com\/us\/app\/itunes-connect\/id6446845924\">\n\t\t\t\t\t\t\t<img decoding=\"async\" width=\"200\" height=\"60\" src=\"https:\/\/followchristdaily.app\/wp-content\/uploads\/2023\/02\/appstore.png\" class=\"attachment-full size-full wp-image-193\" alt=\"appstore\" \/>\t\t\t\t\t\t\t\t<\/a>\n\t\t\t\t\t\t\t\t\t\t\t\t\t\t\t<\/div>\n\t\t\t\t<\/div>\n\t\t\t\t\t<\/div>\n\t\t<\/div>\n\t\t\t\t<div class=\"elementor-column elementor-col-50 elementor-inner-column elementor-element elementor-element-a5c9268\" data-id=\"a5c9268\" data-element_type=\"column\">\n\t\t\t<div class=\"elementor-widget-wrap elementor-element-populated\">\n\t\t\t\t\t\t<div class=\"elementor-element elementor-element-30acd39 elementor-widget elementor-widget-image\" data-id=\"30acd39\" data-element_type=\"widget\" data-widget_type=\"image.default\">\n\t\t\t\t<div class=\"elementor-widget-container\">\n\t\t\t\t\t\t\t\t\t\t\t\t\t\t\t\t<a href=\"https:\/\/play.google.com\/store\/apps\/details?id=app.eudemonia.imitatio&#038;pcampaignid=pcampaignidMKT-Other-global-all-co-prtnr-py-PartBadge-Mar2515-1\">\n\t\t\t\t\t\t\t<img decoding=\"async\" width=\"200\" height=\"59\" src=\"https:\/\/followchristdaily.app\/wp-content\/uploads\/2023\/02\/googleplay.png\" class=\"attachment-full size-full wp-image-192\" alt=\"googleplay\" \/>\t\t\t\t\t\t\t\t<\/a>\n\t\t\t\t\t\t\t\t\t\t\t\t\t\t\t<\/div>\n\t\t\t\t<\/div>\n\t\t\t\t\t<\/div>\n\t\t<\/div>\n\t\t\t\t\t<\/div>\n\t\t<\/section>\n\t\t\t\t\t<\/div>\n\t\t<\/div>\n\t\t\t\t<div class=\"elementor-column elementor-col-50 elementor-top-column elementor-element elementor-element-774e29c elementor-hidden-mobile\" data-id=\"774e29c\" data-element_type=\"column\">\n\t\t\t<div class=\"elementor-widget-wrap elementor-element-populated\">\n\t\t\t\t\t\t<div class=\"elementor-element elementor-element-9a909ee elementor-widget elementor-widget-image\" data-id=\"9a909ee\" data-element_type=\"widget\" data-widget_type=\"image.default\">\n\t\t\t\t<div class=\"elementor-widget-container\">\n\t\t\t\t\t\t\t\t\t\t\t\t\t\t\t<img fetchpriority=\"high\" decoding=\"async\" width=\"580\" height=\"340\" src=\"https:\/\/followchristdaily.app\/wp-content\/uploads\/sof-splash.png\" class=\"attachment-large size-large wp-image-453\" alt=\"Image of a person at prayer, hands resting on the Bible, embodying the devotion to Scripture and belief in the power of Jesus Christ that is central to Imitatio&#039;s Statement of Faith.\" srcset=\"https:\/\/followchristdaily.app\/wp-content\/uploads\/sof-splash.png 580w, https:\/\/followchristdaily.app\/wp-content\/uploads\/sof-splash-300x176.png 300w\" sizes=\"(max-width: 580px) 100vw, 580px\" \/>\t\t\t\t\t\t\t\t\t\t\t\t\t\t\t<\/div>\n\t\t\t\t<\/div>\n\t\t\t\t\t<\/div>\n\t\t<\/div>\n\t\t\t\t\t<\/div>\n\t\t<\/section>\n\t\t\t\t<section class=\"elementor-section elementor-top-section elementor-element elementor-element-129d369 elementor-section-full_width first-section elementor-section-height-default elementor-section-height-default\" data-id=\"129d369\" data-element_type=\"section\" data-settings=\"{&quot;background_background&quot;:&quot;classic&quot;}\">\n\t\t\t\t\t\t<div class=\"elementor-container elementor-column-gap-default\">\n\t\t\t\t\t<div class=\"elementor-column elementor-col-100 elementor-top-column elementor-element elementor-element-fce1a4e\" data-id=\"fce1a4e\" data-element_type=\"column\">\n\t\t\t<div class=\"elementor-widget-wrap elementor-element-populated\">\n\t\t\t\t\t\t<section class=\"elementor-section elementor-inner-section elementor-element elementor-element-493dc74 elementor-section-boxed elementor-section-height-default elementor-section-height-default\" data-id=\"493dc74\" data-element_type=\"section\">\n\t\t\t\t\t\t<div class=\"elementor-container elementor-column-gap-default\">\n\t\t\t\t\t<div class=\"elementor-column elementor-col-100 elementor-inner-column elementor-element elementor-element-0721f56\" data-id=\"0721f56\" data-element_type=\"column\">\n\t\t\t<div class=\"elementor-widget-wrap elementor-element-populated\">\n\t\t\t\t\t\t<div class=\"elementor-element elementor-element-194fcca Heading-2 elementor-widget elementor-widget-heading\" data-id=\"194fcca\" data-element_type=\"widget\" data-widget_type=\"heading.default\">\n\t\t\t\t<div class=\"elementor-widget-container\">\n\t\t\t\t\t<h2 class=\"elementor-heading-title elementor-size-default\">Declaraci\u00f3n de fe<\/h2>\t\t\t\t<\/div>\n\t\t\t\t<\/div>\n\t\t\t\t<div class=\"elementor-element elementor-element-3084a45 heading-itelic elementor-widget elementor-widget-text-editor\" data-id=\"3084a45\" data-element_type=\"widget\" data-widget_type=\"text-editor.default\">\n\t\t\t\t<div class=\"elementor-widget-container\">\n\t\t\t\t\t\t\t\t\t<p>Uniendo a cristianos de todos los or\u00edgenes<\/p>\t\t\t\t\t\t\t\t<\/div>\n\t\t\t\t<\/div>\n\t\t\t\t<div class=\"elementor-element elementor-element-aa38250 inner-content first-pera elementor-widget elementor-widget-text-editor\" data-id=\"aa38250\" data-element_type=\"widget\" data-widget_type=\"text-editor.default\">\n\t\t\t\t<div class=\"elementor-widget-container\">\n\t\t\t\t\t\t\t\t\t<p>Como comunidad dedicada a seguir a Jesucristo, Follow Christ Daily afirma la centralidad de nuestra fe en la configuraci\u00f3n de qui\u00e9nes somos y qu\u00e9 hacemos. Creemos en el poder del evangelio para transformar vidas y estamos comprometidos a compartir estas buenas noticias con los dem\u00e1s. Con un enfoque no denominacional, invitamos a todos a unirse a nosotros en un viaje para imitar a Cristo y experimentar la plenitud de vida a trav\u00e9s de Su amor. Guiados por nuestra fe, mantenemos las siguientes creencias fundamentales:<\/p>\t\t\t\t\t\t\t\t<\/div>\n\t\t\t\t<\/div>\n\t\t\t\t\t<\/div>\n\t\t<\/div>\n\t\t\t\t\t<\/div>\n\t\t<\/section>\n\t\t\t\t\t<\/div>\n\t\t<\/div>\n\t\t\t\t\t<\/div>\n\t\t<\/section>\n\t\t\t\t<section class=\"elementor-section elementor-top-section elementor-element elementor-element-04118ff elementor-section-boxed elementor-section-height-default elementor-section-height-default\" data-id=\"04118ff\" data-element_type=\"section\" data-settings=\"{&quot;background_background&quot;:&quot;classic&quot;}\">\n\t\t\t\t\t\t\t<div class=\"elementor-background-overlay\"><\/div>\n\t\t\t\t\t\t\t<div class=\"elementor-container elementor-column-gap-default\">\n\t\t\t\t\t<div class=\"elementor-column elementor-col-100 elementor-top-column elementor-element elementor-element-a376c79\" data-id=\"a376c79\" data-element_type=\"column\">\n\t\t\t<div class=\"elementor-widget-wrap elementor-element-populated\">\n\t\t\t\t\t\t<div class=\"elementor-element elementor-element-7147d6a inner-content first-pera elementor-widget elementor-widget-text-editor\" data-id=\"7147d6a\" data-element_type=\"widget\" data-widget_type=\"text-editor.default\">\n\t\t\t\t<div class=\"elementor-widget-container\">\n\t\t\t\t\t\t\t\t\t<p>La Biblia es la Palabra de Dios inspirada y autorizada. Es nuestra gu\u00eda para vivir y nuestra fuente de conocimiento sobre Dios y Su plan para la humanidad.<\/p><p>Creemos en un solo Dios, eternamente presente en tres personas: Padre, Hijo y Esp\u00edritu Santo. Dios es perfecto, santo, amoroso y justo, y es el Creador de todas las cosas.<\/p><p>Jesucristo, el Hijo de Dios, es plenamente humano y plenamente divino. A trav\u00e9s de Su vida sin pecado, muerte en la cruz y resurrecci\u00f3n, \u00c9l venci\u00f3 la muerte y ofrece esperanza a todas las personas.<\/p><p>El Esp\u00edritu Santo es una parte vital y activa de nuestras vidas, que nos lleva a la fe en Cristo, mora en nosotros y nos capacita para vivir una vida que honre a Dios.<\/p><p>La Iglesia es el cuerpo de Cristo, compuesto por todos los creyentes que han puesto su fe en \u00c9l, y cuya misi\u00f3n es llevar el evangelio a todas las naciones.<\/p><p>Como pecadores, todos necesitamos la redenci\u00f3n de Dios, que es posible mediante la fe en Jesucristo y Su sacrificio por nosotros.<\/p><p>Creemos que aquellos que han puesto su fe en Cristo recibir\u00e1n vida eterna.<\/p><p>La salvaci\u00f3n es un regalo de Dios, ofrecido gratuitamente a todos los que creen en Jesucristo y Su sacrificio por nuestros pecados. A trav\u00e9s de la fe en \u00c9l, somos perdonados, reconciliados con Dios y renovados en el Esp\u00edritu.<\/p>\t\t\t\t\t\t\t\t<\/div>\n\t\t\t\t<\/div>\n\t\t\t\t\t<\/div>\n\t\t<\/div>\n\t\t\t\t\t<\/div>\n\t\t<\/section>\n\t\t\t\t<section class=\"elementor-section elementor-top-section elementor-element elementor-element-5d09c87 elementor-section-boxed elementor-section-height-default elementor-section-height-default\" data-id=\"5d09c87\" data-element_type=\"section\" data-settings=\"{&quot;background_background&quot;:&quot;classic&quot;}\">\n\t\t\t\t\t\t<div class=\"elementor-container elementor-column-gap-default\">\n\t\t\t\t\t<div class=\"elementor-column elementor-col-100 elementor-top-column elementor-element elementor-element-ae96a18\" data-id=\"ae96a18\" data-element_type=\"column\">\n\t\t\t<div class=\"elementor-widget-wrap elementor-element-populated\">\n\t\t\t\t\t\t<div class=\"elementor-element elementor-element-8e2c4a0 elementor-widget elementor-widget-spacer\" data-id=\"8e2c4a0\" data-element_type=\"widget\" data-widget_type=\"spacer.default\">\n\t\t\t\t<div class=\"elementor-widget-container\">\n\t\t\t\t\t\t\t<div class=\"elementor-spacer\">\n\t\t\t<div class=\"elementor-spacer-inner\"><\/div>\n\t\t<\/div>\n\t\t\t\t\t\t<\/div>\n\t\t\t\t<\/div>\n\t\t\t\t<div class=\"elementor-element elementor-element-e18750a inner-content first-pera elementor-widget elementor-widget-text-editor\" data-id=\"e18750a\" data-element_type=\"widget\" data-widget_type=\"text-editor.default\">\n\t\t\t\t<div class=\"elementor-widget-container\">\n\t\t\t\t\t\t\t\t\t<p>A medida que sostenemos estas convicciones y caminamos en obediencia a la Palabra de Dios, confiamos en que \u00c9l continuar\u00e1 gui\u00e1ndonos y capacit\u00e1ndonos para cumplir nuestra misi\u00f3n de difundir el evangelio y dar a conocer Su nombre. Nuestra oraci\u00f3n es que, a trav\u00e9s de Follow Christ Daily, muchos se sientan atra\u00eddos a la fe en Jesucristo, crezcan en su relaci\u00f3n con \u00c9l y se unan a nosotros en nuestro compromiso de imitarlo y darle gloria en todo lo que hacemos.<\/p>\t\t\t\t\t\t\t\t<\/div>\n\t\t\t\t<\/div>\n\t\t\t\t\t<\/div>\n\t\t<\/div>\n\t\t\t\t\t<\/div>\n\t\t<\/section>\n\t\t\t\t<section class=\"elementor-section elementor-top-section elementor-element elementor-element-e5bc92b elementor-section-full_width elementor-section-height-default elementor-section-height-default\" data-id=\"e5bc92b\" data-element_type=\"section\" data-settings=\"{&quot;background_background&quot;:&quot;classic&quot;}\">\n\t\t\t\t\t\t<div class=\"elementor-container elementor-column-gap-default\">\n\t\t\t\t\t<div class=\"elementor-column elementor-col-100 elementor-top-column elementor-element elementor-element-ecb4f47\" data-id=\"ecb4f47\" data-element_type=\"column\">\n\t\t\t<div class=\"elementor-widget-wrap elementor-element-populated\">\n\t\t\t\t\t\t<div class=\"elementor-element elementor-element-58c974a elementor-widget elementor-widget-spacer\" data-id=\"58c974a\" data-element_type=\"widget\" data-widget_type=\"spacer.default\">\n\t\t\t\t<div class=\"elementor-widget-container\">\n\t\t\t\t\t\t\t<div class=\"elementor-spacer\">\n\t\t\t<div class=\"elementor-spacer-inner\"><\/div>\n\t\t<\/div>\n\t\t\t\t\t\t<\/div>\n\t\t\t\t<\/div>\n\t\t\t\t\t<\/div>\n\t\t<\/div>\n\t\t\t\t\t<\/div>\n\t\t<\/section>\n\t\t\t\t<\/div>","protected":false},"excerpt":{"rendered":"<p>What We Believe Statement of Faith Our foundational beliefs essential to our mission of helping believers stay connected with Christ in their daily lives. Download Follow Christ Daily Statement of Faith Uniting Christians of All Backgrounds As a community dedicated to following Jesus Christ, Follow Christ Daily affirms the centrality of our faith in shaping [&hellip;]<\/p>","protected":false},"author":1,"featured_media":0,"parent":0,"menu_order":0,"comment_status":"closed","ping_status":"closed","template":"","meta":{"footnotes":""},"class_list":["post-284","page","type-page","status-publish","hentry"],"aioseo_notices":[],"_links":{"self":[{"href":"https:\/\/followchristdaily.app\/es\/wp-json\/wp\/v2\/pages\/284","targetHints":{"allow":["GET"]}}],"collection":[{"href":"https:\/\/followchristdaily.app\/es\/wp-json\/wp\/v2\/pages"}],"about":[{"href":"https:\/\/followchristdaily.app\/es\/wp-json\/wp\/v2\/types\/page"}],"author":[{"embeddable":true,"href":"https:\/\/followchristdaily.app\/es\/wp-json\/wp\/v2\/users\/1"}],"replies":[{"embeddable":true,"href":"https:\/\/followchristdaily.app\/es\/wp-json\/wp\/v2\/comments?post=284"}],"version-history":[{"count":0,"href":"https:\/\/followchristdaily.app\/es\/wp-json\/wp\/v2\/pages\/284\/revisions"}],"wp:attachment":[{"href":"https:\/\/followchristdaily.app\/es\/wp-json\/wp\/v2\/media?parent=284"}],"curies":[{"name":"wp","href":"https:\/\/api.w.org\/{rel}","templated":true}]}}