{"id":24,"date":"2023-02-08T10:14:48","date_gmt":"2023-02-08T10:14:48","guid":{"rendered":"http:\/\/admin"},"modified":"2023-05-31T16:02:00","modified_gmt":"2023-05-31T16:02:00","slug":"faq","status":"publish","type":"page","link":"https:\/\/followchristdaily.app\/es\/faq\/","title":{"rendered":"FAQ"},"content":{"rendered":"<div data-elementor-type=\"wp-page\" data-elementor-id=\"24\" class=\"elementor elementor-24\">\n\t\t\t\t\t\t<section class=\"elementor-section elementor-top-section elementor-element elementor-element-cc06b9a elementor-section-boxed elementor-section-height-default elementor-section-height-default\" data-id=\"cc06b9a\" data-element_type=\"section\">\n\t\t\t\t\t\t<div class=\"elementor-container elementor-column-gap-default\">\n\t\t\t\t\t<div class=\"elementor-column elementor-col-50 elementor-top-column elementor-element elementor-element-24d3ca0\" data-id=\"24d3ca0\" data-element_type=\"column\">\n\t\t\t<div class=\"elementor-widget-wrap elementor-element-populated\">\n\t\t\t\t\t\t<div class=\"elementor-element elementor-element-8814f2c Heading1 elementor-widget elementor-widget-heading\" data-id=\"8814f2c\" data-element_type=\"widget\" data-widget_type=\"heading.default\">\n\t\t\t\t<div class=\"elementor-widget-container\">\n\t\t\t\t\t<h1 class=\"elementor-heading-title elementor-size-default\">Siga las preguntas frecuentes diarias de Cristo<br \/>\nObtener respuestas<\/h1>\t\t\t\t<\/div>\n\t\t\t\t<\/div>\n\t\t\t\t<div class=\"elementor-element elementor-element-8634605 Header-paragraph elementor-widget elementor-widget-text-editor\" data-id=\"8634605\" data-element_type=\"widget\" data-widget_type=\"text-editor.default\">\n\t\t\t\t<div class=\"elementor-widget-container\">\n\t\t\t\t\t\t\t\t\t<p>Nuestra p\u00e1gina de preguntas frecuentes est\u00e1 dise\u00f1ada para ayudarle a comprender Seguir a Cristo diariamente y c\u00f3mo puede ayudarle a seguir a Cristo en la vida diaria.<\/p>\t\t\t\t\t\t\t\t<\/div>\n\t\t\t\t<\/div>\n\t\t\t\t<div class=\"elementor-element elementor-element-85e7cb1 elementor-hidden-desktop elementor-hidden-tablet elementor-widget elementor-widget-image\" data-id=\"85e7cb1\" data-element_type=\"widget\" data-widget_type=\"image.default\">\n\t\t\t\t<div class=\"elementor-widget-container\">\n\t\t\t\t\t\t\t\t\t\t\t\t\t\t\t<img fetchpriority=\"high\" decoding=\"async\" width=\"580\" height=\"340\" src=\"https:\/\/followchristdaily.app\/wp-content\/uploads\/faq-splash.png\" class=\"attachment-large size-large wp-image-452\" alt=\"An image capturing the essence of our faith, a cross with two uplifted hands, reminding us of the endless possibilities that come with following Christ.\" srcset=\"https:\/\/followchristdaily.app\/wp-content\/uploads\/faq-splash.png 580w, https:\/\/followchristdaily.app\/wp-content\/uploads\/faq-splash-300x176.png 300w\" sizes=\"(max-width: 580px) 100vw, 580px\" \/>\t\t\t\t\t\t\t\t\t\t\t\t\t\t\t<\/div>\n\t\t\t\t<\/div>\n\t\t\t\t<div class=\"elementor-element elementor-element-9a67a13 font-Weight-Bold elementor-widget elementor-widget-heading\" data-id=\"9a67a13\" data-element_type=\"widget\" data-widget_type=\"heading.default\">\n\t\t\t\t<div class=\"elementor-widget-container\">\n\t\t\t\t\t<h4 class=\"elementor-heading-title elementor-size-default\">Descargar Sigue a Cristo Diario<\/h4>\t\t\t\t<\/div>\n\t\t\t\t<\/div>\n\t\t\t\t<section class=\"elementor-section elementor-inner-section elementor-element elementor-element-21e4347 elementor-section-boxed elementor-section-height-default elementor-section-height-default\" data-id=\"21e4347\" data-element_type=\"section\">\n\t\t\t\t\t\t<div class=\"elementor-container elementor-column-gap-wide\">\n\t\t\t\t\t<div class=\"elementor-column elementor-col-50 elementor-inner-column elementor-element elementor-element-7b7a758\" data-id=\"7b7a758\" data-element_type=\"column\">\n\t\t\t<div class=\"elementor-widget-wrap elementor-element-populated\">\n\t\t\t\t\t\t<div class=\"elementor-element elementor-element-922f659 elementor-widget elementor-widget-image\" data-id=\"922f659\" data-element_type=\"widget\" data-widget_type=\"image.default\">\n\t\t\t\t<div class=\"elementor-widget-container\">\n\t\t\t\t\t\t\t\t\t\t\t\t\t\t\t\t<a href=\"https:\/\/apps.apple.com\/us\/app\/itunes-connect\/id6446845924\">\n\t\t\t\t\t\t\t<img decoding=\"async\" width=\"200\" height=\"60\" src=\"https:\/\/followchristdaily.app\/wp-content\/uploads\/2023\/02\/appstore.png\" class=\"attachment-full size-full wp-image-193\" alt=\"appstore\" \/>\t\t\t\t\t\t\t\t<\/a>\n\t\t\t\t\t\t\t\t\t\t\t\t\t\t\t<\/div>\n\t\t\t\t<\/div>\n\t\t\t\t\t<\/div>\n\t\t<\/div>\n\t\t\t\t<div class=\"elementor-column elementor-col-50 elementor-inner-column elementor-element elementor-element-37371bb\" data-id=\"37371bb\" data-element_type=\"column\">\n\t\t\t<div class=\"elementor-widget-wrap elementor-element-populated\">\n\t\t\t\t\t\t<div class=\"elementor-element elementor-element-c8abd2d elementor-widget elementor-widget-image\" data-id=\"c8abd2d\" data-element_type=\"widget\" data-widget_type=\"image.default\">\n\t\t\t\t<div class=\"elementor-widget-container\">\n\t\t\t\t\t\t\t\t\t\t\t\t\t\t\t\t<a href=\"https:\/\/play.google.com\/store\/apps\/details?id=app.eudemonia.imitatio&#038;pcampaignid=pcampaignidMKT-Other-global-all-co-prtnr-py-PartBadge-Mar2515-1\">\n\t\t\t\t\t\t\t<img decoding=\"async\" width=\"200\" height=\"59\" src=\"https:\/\/followchristdaily.app\/wp-content\/uploads\/2023\/02\/googleplay.png\" class=\"attachment-full size-full wp-image-192\" alt=\"googleplay\" \/>\t\t\t\t\t\t\t\t<\/a>\n\t\t\t\t\t\t\t\t\t\t\t\t\t\t\t<\/div>\n\t\t\t\t<\/div>\n\t\t\t\t\t<\/div>\n\t\t<\/div>\n\t\t\t\t\t<\/div>\n\t\t<\/section>\n\t\t\t\t\t<\/div>\n\t\t<\/div>\n\t\t\t\t<div class=\"elementor-column elementor-col-50 elementor-top-column elementor-element elementor-element-4f2fab6 elementor-hidden-mobile\" data-id=\"4f2fab6\" data-element_type=\"column\">\n\t\t\t<div class=\"elementor-widget-wrap elementor-element-populated\">\n\t\t\t\t\t\t<div class=\"elementor-element elementor-element-b84df67 elementor-widget elementor-widget-image\" data-id=\"b84df67\" data-element_type=\"widget\" data-widget_type=\"image.default\">\n\t\t\t\t<div class=\"elementor-widget-container\">\n\t\t\t\t\t\t\t\t\t\t\t\t\t\t\t<img fetchpriority=\"high\" decoding=\"async\" width=\"580\" height=\"340\" src=\"https:\/\/followchristdaily.app\/wp-content\/uploads\/faq-splash.png\" class=\"attachment-large size-large wp-image-452\" alt=\"An image capturing the essence of our faith, a cross with two uplifted hands, reminding us of the endless possibilities that come with following Christ.\" srcset=\"https:\/\/followchristdaily.app\/wp-content\/uploads\/faq-splash.png 580w, https:\/\/followchristdaily.app\/wp-content\/uploads\/faq-splash-300x176.png 300w\" sizes=\"(max-width: 580px) 100vw, 580px\" \/>\t\t\t\t\t\t\t\t\t\t\t\t\t\t\t<\/div>\n\t\t\t\t<\/div>\n\t\t\t\t\t<\/div>\n\t\t<\/div>\n\t\t\t\t\t<\/div>\n\t\t<\/section>\n\t\t\t\t<section class=\"elementor-section elementor-top-section elementor-element elementor-element-8384f8e first-section elementor-section-boxed elementor-section-height-default elementor-section-height-default\" data-id=\"8384f8e\" data-element_type=\"section\" data-settings=\"{&quot;background_background&quot;:&quot;classic&quot;}\">\n\t\t\t\t\t\t<div class=\"elementor-container elementor-column-gap-default\">\n\t\t\t\t\t<div class=\"elementor-column elementor-col-100 elementor-top-column elementor-element elementor-element-384b49f\" data-id=\"384b49f\" data-element_type=\"column\">\n\t\t\t<div class=\"elementor-widget-wrap elementor-element-populated\">\n\t\t\t\t\t\t<div class=\"elementor-element elementor-element-6404c7b Heading-2 elementor-widget elementor-widget-heading\" data-id=\"6404c7b\" data-element_type=\"widget\" data-widget_type=\"heading.default\">\n\t\t\t\t<div class=\"elementor-widget-container\">\n\t\t\t\t\t<h2 class=\"elementor-heading-title elementor-size-default\">Preguntas frecuentes (FAQ)<\/h2>\t\t\t\t<\/div>\n\t\t\t\t<\/div>\n\t\t\t\t\t<\/div>\n\t\t<\/div>\n\t\t\t\t\t<\/div>\n\t\t<\/section>\n\t\t\t\t<section class=\"elementor-section elementor-top-section elementor-element elementor-element-95bc515 first-section elementor-section-boxed elementor-section-height-default elementor-section-height-default\" data-id=\"95bc515\" data-element_type=\"section\" data-settings=\"{&quot;background_background&quot;:&quot;classic&quot;}\">\n\t\t\t\t\t\t<div class=\"elementor-container elementor-column-gap-default\">\n\t\t\t\t\t<div class=\"elementor-column elementor-col-100 elementor-top-column elementor-element elementor-element-bf92ea1\" data-id=\"bf92ea1\" data-element_type=\"column\">\n\t\t\t<div class=\"elementor-widget-wrap elementor-element-populated\">\n\t\t\t\t\t\t<div class=\"elementor-element elementor-element-cb1efce elementor-widget elementor-widget-shortcode\" data-id=\"cb1efce\" data-element_type=\"widget\" data-widget_type=\"shortcode.default\">\n\t\t\t\t<div class=\"elementor-widget-container\">\n\t\t\t\t\t \n<div class=\"faq-content\">\n<div class=\"faq\">\n<img decoding=\"async\" src=\"\/wp-content\/uploads\/question_icon.png\"\/>\n<h3>\u00bfQu\u00e9 es Seguir a Cristo Diariamente?<\/h3>\n<\/div>\n<div class=\"faq align-items-start\">\n<img decoding=\"async\" src=\"\/wp-content\/uploads\/anwer_icon.png\"\/>\n<p>\r\n<p>Follow Christ Daily es una aplicaci\u00f3n m\u00f3vil cristiana completa e inclusiva dise\u00f1ada para ayudarte a profundizar tu fe, reflexionar sobre tu viaje espiritual y conectarte con Dios diariamente. Con Follow Christ Daily, puedes sumergirte en la palabra de Dios, estudiar la vida y las ense\u00f1anzas de Jesucristo y cultivar un car\u00e1cter semejante al de Cristo.<\/p>\r\n<\/p>\n<\/div>\n\n<\/div>\n \n<div class=\"faq-content\">\n<div class=\"faq\">\n<img decoding=\"async\" src=\"\/wp-content\/uploads\/question_icon.png\"\/>\n<h3>\u00bfPara qui\u00e9n es Seguir a Cristo Diariamente?<\/h3>\n<\/div>\n<div class=\"faq align-items-start\">\n<img decoding=\"async\" src=\"\/wp-content\/uploads\/anwer_icon.png\"\/>\n<p>\r\n<p>Follow Christ Daily es para cualquiera que busque profundizar su relaci\u00f3n con Dios y vivir una aut\u00e9ntica vida cristiana. El enfoque de Follow Christ Daily sobre el crecimiento cristiano es inclusivo y no confesional, lo que significa que est\u00e1 dise\u00f1ado para atraer a todos los cristianos independientemente de su afiliaci\u00f3n denominacional espec\u00edfica. Ya sea que sea un cristiano experimentado o nuevo en la fe, Follow Christ Daily ofrece un enfoque integral y hol\u00edstico para ayudarlo a crecer en su relaci\u00f3n con Cristo.<\/p>\r\n<\/p>\n<\/div>\n\n<\/div>\n \n<div class=\"faq-content\">\n<div class=\"faq\">\n<img decoding=\"async\" src=\"\/wp-content\/uploads\/question_icon.png\"\/>\n<h3>\u00bfFollow Christ Daily es adecuado para personas de todas las denominaciones cristianas?<\/h3>\n<\/div>\n<div class=\"faq align-items-start\">\n<img decoding=\"async\" src=\"\/wp-content\/uploads\/anwer_icon.png\"\/>\n<p>\r\n<p>S\u00ed, Follow Christ Daily est\u00e1 dise\u00f1ado para ser no confesional e inclusivo, lo que lo hace adecuado para personas de todas las denominaciones y or\u00edgenes cristianos.<\/p>\r\n<\/p>\n<\/div>\n\n<\/div>\n \n<div class=\"faq-content\">\n<div class=\"faq\">\n<img decoding=\"async\" src=\"\/wp-content\/uploads\/question_icon.png\"\/>\n<h3>\u00bfQu\u00e9 diferencia a Follow Christ Daily de otras aplicaciones cristianas?<\/h3>\n<\/div>\n<div class=\"faq align-items-start\">\n<img decoding=\"async\" src=\"\/wp-content\/uploads\/anwer_icon.png\"\/>\n<p>\r\n<p>Follow Christ Daily es \u00fanico porque ofrece un enfoque no denominacional para el crecimiento y la pr\u00e1ctica cristianos. Adem\u00e1s, Follow Christ Daily est\u00e1 dise\u00f1ado para ayudar a los usuarios no s\u00f3lo a crecer en su fe, sino tambi\u00e9n a mostrar activamente su caminar cristiano en la vida diaria. Con Follow Christ Daily, puedes profundizar tu viaje espiritual y vivir tu fe de maneras significativas e impactantes. Ya sea que est\u00e9 buscando gu\u00eda espiritual, una comprensi\u00f3n m\u00e1s profunda de la Biblia o herramientas pr\u00e1cticas para hacer crecer su car\u00e1cter cristiano y vivir de manera m\u00e1s intencional, Follow Christ Daily brinda los recursos que necesita para crecer y florecer como cristiano. Con su enfoque en el crecimiento personal y la acci\u00f3n diaria, Follow Christ Daily es el mejor compa\u00f1ero para su viaje cristiano.<\/p>\r\n<\/p>\n<\/div>\n\n<\/div>\n \n<div class=\"faq-content\">\n<div class=\"faq\">\n<img decoding=\"async\" src=\"\/wp-content\/uploads\/question_icon.png\"\/>\n<h3>\u00bfQu\u00e9 caracter\u00edsticas ofrece Follow Christ Daily?<\/h3>\n<\/div>\n<div class=\"faq align-items-start\">\n<img decoding=\"async\" src=\"\/wp-content\/uploads\/anwer_icon.png\"\/>\n<p>\r\n<p>Follow Christ Daily proporciona una gran cantidad de recursos para ayudarlo a fortalecer su viaje espiritual, incluidos materiales de estudio sobre la vida y las ense\u00f1anzas de Jes\u00fas, devocionales diarios por la ma\u00f1ana y por la noche, orientaci\u00f3n para desarrollar un car\u00e1cter semejante a Cristo, vers\u00edculos b\u00edblicos cuidadosamente seleccionados, edificantes diarios. devocionales y herramientas para ayudarte a crecer en tu fe cristiana. Follow Christ Daily tambi\u00e9n incluye un diario para ayudarte a reflexionar sobre la presencia de Dios en tu vida, documentar tus desaf\u00edos y victorias en tu camino de fe, \u00a1y mucho m\u00e1s! Con todas estas caracter\u00edsticas, Follow Christ Daily es el paquete completo para quienes buscan profundizar su fe y su pr\u00e1ctica espiritual.<\/p>\r\n<\/p>\n<\/div>\n\n<\/div>\n \n<div class=\"faq-content\">\n<div class=\"faq\">\n<img decoding=\"async\" src=\"\/wp-content\/uploads\/question_icon.png\"\/>\n<h3>\u00bfC\u00f3mo me ayuda Follow Christ Daily a crecer en mi fe?<\/h3>\n<\/div>\n<div class=\"faq align-items-start\">\n<img decoding=\"async\" src=\"\/wp-content\/uploads\/anwer_icon.png\"\/>\n<p>\r\n<p>Follow Christ Daily ofrece una dosis diaria de alimento espiritual a trav\u00e9s de una variedad de ejercicios contemplativos, devocionales, oraciones e indicaciones para llevar un diario. La aplicaci\u00f3n te ayuda a dedicar tiempo cada d\u00eda para conectarte con Dios, fortalecer tu fe y profundizar tu relaci\u00f3n con \u00c9l. Tanto al comienzo como al final del d\u00eda, Follow Christ Daily proporciona una rutina matutina y vespertina para ayudarlo a concentrarse en su fe. Follow Christ Daily tambi\u00e9n proporciona una gran cantidad de recursos, como Virtue Builder, que lo alientan en su caminar cristiano y lo ayudan a vivir su fe en su vida diaria.<\/p>\r\n<\/p>\n<\/div>\n\n<\/div>\n \n<div class=\"faq-content\">\n<div class=\"faq\">\n<img decoding=\"async\" src=\"\/wp-content\/uploads\/question_icon.png\"\/>\n<h3>\u00bfCon qu\u00e9 frecuencia se actualiza Follow Christ Daily con contenido nuevo?<\/h3>\n<\/div>\n<div class=\"faq align-items-start\">\n<img decoding=\"async\" src=\"\/wp-content\/uploads\/anwer_icon.png\"\/>\n<p>\r\n<p>Follow Christ Daily se actualiza peri\u00f3dicamente con contenido nuevo, lo que garantiza que siempre tenga acceso a los \u00faltimos recursos y herramientas para el crecimiento espiritual. Los desarrolladores de la aplicaci\u00f3n se dedican a brindar a los usuarios la informaci\u00f3n y orientaci\u00f3n m\u00e1s recientes para ayudarlos a profundizar su fe y vivir una aut\u00e9ntica vida cristiana.<\/p>\r\n<\/p>\n<\/div>\n\n<\/div>\n \n<div class=\"faq-content\">\n<div class=\"faq\">\n<img decoding=\"async\" src=\"\/wp-content\/uploads\/question_icon.png\"\/>\n<h3>\u00bfEst\u00e1 Follow Christ Daily disponible tanto en iOS como en Android?<\/h3>\n<\/div>\n<div class=\"faq align-items-start\">\n<img decoding=\"async\" src=\"\/wp-content\/uploads\/anwer_icon.png\"\/>\n<p>\r\n<p>S\u00ed, Follow Christ Daily est\u00e1 disponible tanto en iOS como en Android, lo que le permite acceder a sus potentes recursos y herramientas en su dispositivo m\u00f3vil, sin importar qu\u00e9 tipo de dispositivo utilice.<\/p>\r\n<\/p>\n<\/div>\n\n<\/div>\n \n<div class=\"faq-content\">\n<div class=\"faq\">\n<img decoding=\"async\" src=\"\/wp-content\/uploads\/question_icon.png\"\/>\n<h3>\u00bfSe puede utilizar Follow Christ Daily en varios dispositivos?<\/h3>\n<\/div>\n<div class=\"faq align-items-start\">\n<img decoding=\"async\" src=\"\/wp-content\/uploads\/anwer_icon.png\"\/>\n<p>\r\n<p>S\u00ed, Follow Christ Daily se puede utilizar en m\u00faltiples dispositivos, incluidos tel\u00e9fonos y tabletas. Tu progreso se sincronizar\u00e1 en todos tus dispositivos, por lo que podr\u00e1s continuar donde lo dejaste sin importar qu\u00e9 dispositivo uses.<\/p>\r\n<\/p>\n<\/div>\n\n<\/div>\n \n<div class=\"faq-content\">\n<div class=\"faq\">\n<img decoding=\"async\" src=\"\/wp-content\/uploads\/question_icon.png\"\/>\n<h3>\u00bfEs Follow Christ Daily seguro y protegido?<\/h3>\n<\/div>\n<div class=\"faq align-items-start\">\n<img decoding=\"async\" src=\"\/wp-content\/uploads\/anwer_icon.png\"\/>\n<p>\r\n<p>Follow Christ Daily se toma muy en serio la privacidad de sus usuarios. Todos los datos del usuario se almacenan y protegen de forma segura, y Follow Christ Daily sigue estrictas pol\u00edticas de privacidad para garantizar que su informaci\u00f3n se mantenga segura.<\/p>\r\n<\/p>\n<\/div>\n\n<\/div>\n \n<div class=\"faq-content\">\n<div class=\"faq\">\n<img decoding=\"async\" src=\"\/wp-content\/uploads\/question_icon.png\"\/>\n<h3>\u00bfPuedo probar Follow Christ Daily gratis antes de suscribirme?<\/h3>\n<\/div>\n<div class=\"faq align-items-start\">\n<img decoding=\"async\" src=\"\/wp-content\/uploads\/anwer_icon.png\"\/>\n<p>\r\n<p>\u00a1S\u00ed! Puedes probar Follow Christ Daily gratis durante 7 d\u00edas antes de suscribirte. Solo aseg\u00farese de cancelar antes de que finalice el per\u00edodo de prueba de 7 d\u00edas si no desea continuar con una suscripci\u00f3n paga.<\/p>\r\n<\/p>\n<\/div>\n\n<\/div>\n \n<div class=\"faq-content\">\n<div class=\"faq\">\n<img decoding=\"async\" src=\"\/wp-content\/uploads\/question_icon.png\"\/>\n<h3>\u00bfC\u00f3mo empiezo a usar Follow Christ Daily?<\/h3>\n<\/div>\n<div class=\"faq align-items-start\">\n<img decoding=\"async\" src=\"\/wp-content\/uploads\/anwer_icon.png\"\/>\n<p>\r\n<p>Para comenzar a usar Follow Christ Daily, simplemente descargue la aplicaci\u00f3n desde App Store o Google Play. Una vez que haya descargado la aplicaci\u00f3n, cree una cuenta y comience a explorar las diferentes funciones. Follow Christ Daily est\u00e1 dise\u00f1ado para ser f\u00e1cil de usar e intuitivo, para que puedas comenzar a crecer en tu fe y profundizar tu conexi\u00f3n con Dios de inmediato.<\/p>\r\n<\/p>\n<\/div>\n\n<\/div>\n\t\t<div class=\"elementor-shortcode\"><\/div>\n\t\t\t\t\t\t<\/div>\n\t\t\t\t<\/div>\n\t\t\t\t\t<\/div>\n\t\t<\/div>\n\t\t\t\t\t<\/div>\n\t\t<\/section>\n\t\t\t\t<\/div>","protected":false},"excerpt":{"rendered":"<p>Follow Christ Daily FAQ Get Answers Our FAQ page is designed to help you understand Follow Christ Daily and how it can help you Follow Christ in Daily Life. Download Follow Christ Daily&#8217;s Frequently Asked Questions (FAQ)<\/p>","protected":false},"author":1,"featured_media":0,"parent":0,"menu_order":0,"comment_status":"closed","ping_status":"closed","template":"","meta":{"footnotes":""},"class_list":["post-24","page","type-page","status-publish","hentry"],"aioseo_notices":[],"_links":{"self":[{"href":"https:\/\/followchristdaily.app\/es\/wp-json\/wp\/v2\/pages\/24","targetHints":{"allow":["GET"]}}],"collection":[{"href":"https:\/\/followchristdaily.app\/es\/wp-json\/wp\/v2\/pages"}],"about":[{"href":"https:\/\/followchristdaily.app\/es\/wp-json\/wp\/v2\/types\/page"}],"author":[{"embeddable":true,"href":"https:\/\/followchristdaily.app\/es\/wp-json\/wp\/v2\/users\/1"}],"replies":[{"embeddable":true,"href":"https:\/\/followchristdaily.app\/es\/wp-json\/wp\/v2\/comments?post=24"}],"version-history":[{"count":0,"href":"https:\/\/followchristdaily.app\/es\/wp-json\/wp\/v2\/pages\/24\/revisions"}],"wp:attachment":[{"href":"https:\/\/followchristdaily.app\/es\/wp-json\/wp\/v2\/media?parent=24"}],"curies":[{"name":"wp","href":"https:\/\/api.w.org\/{rel}","templated":true}]}}